
{"id":31479,"date":"2020-07-01T15:12:48","date_gmt":"2020-07-01T13:12:48","guid":{"rendered":"https:\/\/www.calmedica.com\/?page_id=31479"},"modified":"2023-03-23T15:41:42","modified_gmt":"2023-03-23T14:41:42","slug":"patients-chroniques","status":"publish","type":"page","link":"https:\/\/www.calmedica.com\/?page_id=31479","title":{"rendered":"Patients chroniques"},"content":{"rendered":"<p>[et_pb_section fb_built=&#8221;1&#8243; custom_padding_last_edited=&#8221;on|phone&#8221; disabled_on=&#8221;off|off|off&#8221; admin_label=&#8221;Services&#8221; _builder_version=&#8221;4.16&#8243; background_color=&#8221;#f4f7f9&#8243; custom_padding=&#8221;80px|0px|90px|0px|false|false&#8221; custom_padding_tablet=&#8221;10px||0px||false|false&#8221; custom_padding_phone=&#8221;&#8221; global_colors_info=&#8221;{}&#8221;][et_pb_row _builder_version=&#8221;4.17.4&#8243; custom_margin=&#8221;||100px||false|false&#8221; custom_margin_tablet=&#8221;15px||50px||false|false&#8221; custom_margin_phone=&#8221;&#8221; custom_margin_last_edited=&#8221;on|phone&#8221; custom_padding=&#8221;|||&#8221; global_colors_info=&#8221;{}&#8221;][et_pb_column type=&#8221;4_4&#8243; _builder_version=&#8221;4.16&#8243; custom_padding=&#8221;|||&#8221; global_colors_info=&#8221;{}&#8221; custom_padding__hover=&#8221;|||&#8221;][et_pb_divider divider_position=&#8221;center&#8221; divider_weight=&#8221;0px&#8221; admin_label=&#8221;S\u00e9parateur rond&#8221; module_class=&#8221;anim&#8221; _builder_version=&#8221;4.16&#8243; background_color=&#8221;#f65200&#8243; width=&#8221;30px&#8221; max_width=&#8221;30px&#8221; module_alignment=&#8221;center&#8221; height=&#8221;30px&#8221; max_height=&#8221;30px&#8221; scroll_horizontal_motion_enable=&#8221;on&#8221; scroll_horizontal_motion=&#8221;0|50|50|100|0.1|0|-0.1&#8243; border_radii=&#8221;on|56px|56px|56px|56px&#8221; global_colors_info=&#8221;{}&#8221;][\/et_pb_divider][et_pb_text _builder_version=&#8221;4.16&#8243; header_font=&#8221;|800|||||||&#8221; header_text_color=&#8221;#4c4c4c&#8221; header_font_size=&#8221;60px&#8221; header_letter_spacing=&#8221;2px&#8221; text_orientation=&#8221;center&#8221; custom_margin_tablet=&#8221;||||false|false&#8221; custom_margin_phone=&#8221;&#8221; custom_margin_last_edited=&#8221;on|tablet&#8221; header_font_size_tablet=&#8221;&#8221; header_font_size_phone=&#8221;35px&#8221; header_font_size_last_edited=&#8221;on|phone&#8221; global_colors_info=&#8221;{}&#8221;]<\/p>\n<h1><span class=\"corange\">Patients<\/span> chroniques<\/h1>\n<p>[\/et_pb_text][et_pb_divider divider_position=&#8221;center&#8221; divider_weight=&#8221;0px&#8221; admin_label=&#8221;S\u00e9parateur rond&#8221; module_class=&#8221;anim&#8221; _builder_version=&#8221;4.16&#8243; background_color=&#8221;#f65200&#8243; width=&#8221;30px&#8221; max_width=&#8221;30px&#8221; module_alignment=&#8221;center&#8221; height=&#8221;30px&#8221; max_height=&#8221;30px&#8221; scroll_horizontal_motion_enable=&#8221;on&#8221; scroll_horizontal_motion=&#8221;0|50|50|100|-0.1|0|0.1&#8243; border_radii=&#8221;on|56px|56px|56px|56px&#8221; global_colors_info=&#8221;{}&#8221;][\/et_pb_divider][\/et_pb_column][\/et_pb_row][et_pb_row column_structure=&#8221;1_2,1_2&#8243; custom_padding_last_edited=&#8221;on|tablet&#8221; _builder_version=&#8221;4.17.4&#8243; background_color=&#8221;#55afb9&#8243; width_tablet=&#8221;&#8221; width_phone=&#8221;100%&#8221; width_last_edited=&#8221;on|phone&#8221; custom_padding=&#8221;||53px||false|false&#8221; custom_padding_tablet=&#8221;||19px||false|false&#8221; custom_padding_phone=&#8221;&#8221; border_radii=&#8221;on|5px|5px|5px|5px&#8221; global_colors_info=&#8221;{}&#8221;][et_pb_column type=&#8221;1_2&#8243; _builder_version=&#8221;4.16&#8243; global_colors_info=&#8221;{}&#8221;][et_pb_text admin_label=&#8221;Sous titre&#8221; _builder_version=&#8221;4.17.4&#8243; text_font_size=&#8221;22px&#8221; background_color=&#8221;#ffffff&#8221; max_width=&#8221;77%&#8221; max_width_tablet=&#8221;90%&#8221; max_width_phone=&#8221;&#8221; max_width_last_edited=&#8221;on|tablet&#8221; module_alignment=&#8221;center&#8221; custom_margin=&#8221;70px||||false|false&#8221; custom_margin_tablet=&#8221;30px|||0%|false|false&#8221; custom_margin_phone=&#8221;&#8221; custom_margin_last_edited=&#8221;on|tablet&#8221; custom_padding=&#8221;30px|10%|80px|10%|false|true&#8221; custom_padding_tablet=&#8221;40px|12%|84px|12%|false|true&#8221; custom_padding_phone=&#8221;&#8221; custom_padding_last_edited=&#8221;on|tablet&#8221; animation_style=&#8221;slide&#8221; animation_direction=&#8221;left&#8221; animation_duration=&#8221;1500ms&#8221; animation_delay=&#8221;400ms&#8221; animation_duration_tablet=&#8221;&#8221; animation_duration_phone=&#8221;0ms&#8221; animation_duration_last_edited=&#8221;on|phone&#8221; border_radii=&#8221;on|5px|5px|5px|5px&#8221; global_colors_info=&#8221;{}&#8221;]<\/p>\n<p><i class=\"fas fa-circle corange\"><\/i><\/p>\n<p><span class=\"fw800\">Am\u00e9liorez l\u2019observance et le suivi de vos patients\u00a0 chroniques<\/span><span class=\"fw800\"><\/span><\/p>\n<p><span class=\"fw800\"><\/span><\/p>\n<ul>\n<li class=\"fs17\">S\u00e9curisez vos patients \u00e0 distance gr\u00e2ce \u00e0 un suivi automatis\u00e9 bas\u00e9 sur le SMS<\/li>\n<\/ul>\n<ul>\n<li class=\"fs17\">Le dialogue par SMS permet de contacter tous les patients, quel que soit leur \u00e2ge, et leur habilet\u00e9 num\u00e9rique<\/li>\n<\/ul>\n<ul>\n<li class=\"fs17\">Facilitez le suivi de la maladie gr\u00e2ce \u00e0 un outil simple : pas de mot de passe, ni de cr\u00e9ation de compte<\/li>\n<\/ul>\n<ul>\n<li class=\"fs17\">Visualisez les r\u00e9ponses des patients et suivez leur \u00e9volution<\/li>\n<\/ul>\n<ul>\n<li class=\"fs17\">Regagnez du temps m\u00e9dical et concentrez vous sur les patients qui le n\u00e9cessitent vraiment<\/li>\n<\/ul>\n<p>[\/et_pb_text][\/et_pb_column][et_pb_column type=&#8221;1_2&#8243; _builder_version=&#8221;4.16&#8243; global_colors_info=&#8221;{}&#8221;][et_pb_image src=&#8221;https:\/\/www.calmedica.com\/wp-content\/uploads\/2020\/12\/undraw_medicine_b1ol.svg&#8221; alt=&#8221;suivi patients maladies chroniques \u00e0 domicile&#8221; title_text=&#8221;maladies chroniques&#8221; align=&#8221;center&#8221; _builder_version=&#8221;4.17.4&#8243; _module_preset=&#8221;default&#8221; width=&#8221;72%&#8221; min_height=&#8221;467px&#8221; custom_margin=&#8221;100px||100px||false|false&#8221; global_colors_info=&#8221;{}&#8221;][\/et_pb_image][\/et_pb_column][\/et_pb_row][et_pb_row _builder_version=&#8221;4.16&#8243; _module_preset=&#8221;default&#8221; hover_enabled=&#8221;0&#8243; global_colors_info=&#8221;{}&#8221; sticky_enabled=&#8221;0&#8243;][et_pb_column type=&#8221;4_4&#8243; _builder_version=&#8221;4.16&#8243; _module_preset=&#8221;default&#8221; global_colors_info=&#8221;{}&#8221;][et_pb_divider show_divider=&#8221;off&#8221; _builder_version=&#8221;4.16&#8243; _module_preset=&#8221;default&#8221; min_height=&#8221;72px&#8221; hover_enabled=&#8221;0&#8243; global_colors_info=&#8221;{}&#8221; sticky_enabled=&#8221;0&#8243;][\/et_pb_divider][et_pb_video src=&#8221;https:\/\/youtu.be\/DQMd_juUpyw&#8221; _builder_version=&#8221;4.17.4&#8243; _module_preset=&#8221;default&#8221; min_height=&#8221;757.5px&#8221; hover_enabled=&#8221;0&#8243; border_radii=&#8221;on|5px|5px|5px|5px&#8221; global_colors_info=&#8221;{}&#8221; sticky_enabled=&#8221;0&#8243; custom_margin=&#8221;100px||0px||false|false&#8221;][\/et_pb_video][\/et_pb_column][\/et_pb_row][et_pb_row _builder_version=&#8221;4.17.4&#8243; _module_preset=&#8221;default&#8221; custom_margin=&#8221;50px||50px||false|false&#8221; global_colors_info=&#8221;{}&#8221;][et_pb_column type=&#8221;4_4&#8243; _builder_version=&#8221;4.16&#8243; _module_preset=&#8221;default&#8221; global_colors_info=&#8221;{}&#8221;][et_pb_button button_url=&#8221;https:\/\/www.calmedica.com\/contact\/&#8221; button_text=&#8221;Demander une d\u00e9mo&#8221; button_alignment=&#8221;center&#8221; _builder_version=&#8221;4.16&#8243; _module_preset=&#8221;default&#8221; custom_button=&#8221;on&#8221; button_text_size=&#8221;22px&#8221; button_bg_color=&#8221;#fb4f14&#8243; button_text_shadow_style=&#8221;preset1&#8243; global_colors_info=&#8221;{}&#8221;][\/et_pb_button][\/et_pb_column][\/et_pb_row][\/et_pb_section]<\/p>\n","protected":false},"excerpt":{"rendered":"<p>Patients chroniques Am\u00e9liorez l\u2019observance et le suivi de vos patients\u00a0 chroniques S\u00e9curisez vos patients \u00e0 distance gr\u00e2ce \u00e0 un suivi automatis\u00e9 bas\u00e9 sur le SMS Le dialogue par SMS permet de contacter tous les patients, quel que soit leur \u00e2ge, et leur habilet\u00e9 num\u00e9rique Facilitez le suivi de la maladie gr\u00e2ce \u00e0 un outil simple [&hellip;]<\/p>\n","protected":false},"author":1,"featured_media":0,"parent":32766,"menu_order":0,"comment_status":"closed","ping_status":"closed","template":"","meta":{"_et_pb_use_builder":"on","_et_pb_old_content":"","_et_gb_content_width":"","footnotes":""},"class_list":["post-31479","page","type-page","status-publish","hentry"],"yoast_head":"<!-- This site is optimized with the Yoast SEO plugin v27.5 - https:\/\/yoast.com\/product\/yoast-seo-wordpress\/ -->\n<title>Patients chroniques - Calmedica<\/title>\n<meta name=\"description\" content=\"Calmedica \u00e9dite des solutions de t\u00e9l\u00e9suivi automatis\u00e9 pour le suivi \u00e0 domicile des patients atteints de maladies chroniques\" \/>\n<meta name=\"robots\" content=\"index, follow, max-snippet:-1, max-image-preview:large, max-video-preview:-1\" \/>\n<link rel=\"canonical\" href=\"https:\/\/www.calmedica.com\/?page_id=31479\" \/>\n<meta property=\"og:locale\" content=\"fr_FR\" \/>\n<meta property=\"og:type\" content=\"article\" \/>\n<meta property=\"og:title\" content=\"Patients chroniques - Calmedica\" \/>\n<meta property=\"og:description\" content=\"Calmedica \u00e9dite des solutions de t\u00e9l\u00e9suivi automatis\u00e9 pour le suivi \u00e0 domicile des patients atteints de maladies chroniques\" \/>\n<meta property=\"og:url\" content=\"https:\/\/www.calmedica.com\/?page_id=31479\" \/>\n<meta property=\"og:site_name\" content=\"Calmedica\" \/>\n<meta property=\"article:modified_time\" content=\"2023-03-23T14:41:42+00:00\" \/>\n<meta name=\"twitter:card\" content=\"summary_large_image\" \/>\n<meta name=\"twitter:label1\" content=\"Dur\u00e9e de lecture estim\u00e9e\" \/>\n\t<meta name=\"twitter:data1\" content=\"4 minutes\" \/>\n<script type=\"application\/ld+json\" class=\"yoast-schema-graph\">{\"@context\":\"https:\\\/\\\/schema.org\",\"@graph\":[{\"@type\":\"WebPage\",\"@id\":\"https:\\\/\\\/www.calmedica.com\\\/?page_id=31479\",\"url\":\"https:\\\/\\\/www.calmedica.com\\\/?page_id=31479\",\"name\":\"Patients chroniques - Calmedica\",\"isPartOf\":{\"@id\":\"https:\\\/\\\/www.calmedica.com\\\/#website\"},\"datePublished\":\"2020-07-01T13:12:48+00:00\",\"dateModified\":\"2023-03-23T14:41:42+00:00\",\"description\":\"Calmedica \u00e9dite des solutions de t\u00e9l\u00e9suivi automatis\u00e9 pour le suivi \u00e0 domicile des patients atteints de maladies chroniques\",\"breadcrumb\":{\"@id\":\"https:\\\/\\\/www.calmedica.com\\\/?page_id=31479#breadcrumb\"},\"inLanguage\":\"fr-FR\",\"potentialAction\":[{\"@type\":\"ReadAction\",\"target\":[\"https:\\\/\\\/www.calmedica.com\\\/?page_id=31479\"]}]},{\"@type\":\"BreadcrumbList\",\"@id\":\"https:\\\/\\\/www.calmedica.com\\\/?page_id=31479#breadcrumb\",\"itemListElement\":[{\"@type\":\"ListItem\",\"position\":1,\"name\":\"Accueil\",\"item\":\"https:\\\/\\\/www.calmedica.com\\\/\"},{\"@type\":\"ListItem\",\"position\":2,\"name\":\"Nos solutions\",\"item\":\"https:\\\/\\\/www.calmedica.com\\\/?page_id=32766\"},{\"@type\":\"ListItem\",\"position\":3,\"name\":\"Patients chroniques\"}]},{\"@type\":\"WebSite\",\"@id\":\"https:\\\/\\\/www.calmedica.com\\\/#website\",\"url\":\"https:\\\/\\\/www.calmedica.com\\\/\",\"name\":\"Calmedica\",\"description\":\"Mettre la e-sant\u00e9 \u00e0 la port\u00e9e de tous\",\"potentialAction\":[{\"@type\":\"SearchAction\",\"target\":{\"@type\":\"EntryPoint\",\"urlTemplate\":\"https:\\\/\\\/www.calmedica.com\\\/?s={search_term_string}\"},\"query-input\":{\"@type\":\"PropertyValueSpecification\",\"valueRequired\":true,\"valueName\":\"search_term_string\"}}],\"inLanguage\":\"fr-FR\"}]}<\/script>\n<!-- \/ Yoast SEO plugin. -->","yoast_head_json":{"title":"Patients chroniques - Calmedica","description":"Calmedica \u00e9dite des solutions de t\u00e9l\u00e9suivi automatis\u00e9 pour le suivi \u00e0 domicile des patients atteints de maladies chroniques","robots":{"index":"index","follow":"follow","max-snippet":"max-snippet:-1","max-image-preview":"max-image-preview:large","max-video-preview":"max-video-preview:-1"},"canonical":"https:\/\/www.calmedica.com\/?page_id=31479","og_locale":"fr_FR","og_type":"article","og_title":"Patients chroniques - Calmedica","og_description":"Calmedica \u00e9dite des solutions de t\u00e9l\u00e9suivi automatis\u00e9 pour le suivi \u00e0 domicile des patients atteints de maladies chroniques","og_url":"https:\/\/www.calmedica.com\/?page_id=31479","og_site_name":"Calmedica","article_modified_time":"2023-03-23T14:41:42+00:00","twitter_card":"summary_large_image","twitter_misc":{"Dur\u00e9e de lecture estim\u00e9e":"4 minutes"},"schema":{"@context":"https:\/\/schema.org","@graph":[{"@type":"WebPage","@id":"https:\/\/www.calmedica.com\/?page_id=31479","url":"https:\/\/www.calmedica.com\/?page_id=31479","name":"Patients chroniques - Calmedica","isPartOf":{"@id":"https:\/\/www.calmedica.com\/#website"},"datePublished":"2020-07-01T13:12:48+00:00","dateModified":"2023-03-23T14:41:42+00:00","description":"Calmedica \u00e9dite des solutions de t\u00e9l\u00e9suivi automatis\u00e9 pour le suivi \u00e0 domicile des patients atteints de maladies chroniques","breadcrumb":{"@id":"https:\/\/www.calmedica.com\/?page_id=31479#breadcrumb"},"inLanguage":"fr-FR","potentialAction":[{"@type":"ReadAction","target":["https:\/\/www.calmedica.com\/?page_id=31479"]}]},{"@type":"BreadcrumbList","@id":"https:\/\/www.calmedica.com\/?page_id=31479#breadcrumb","itemListElement":[{"@type":"ListItem","position":1,"name":"Accueil","item":"https:\/\/www.calmedica.com\/"},{"@type":"ListItem","position":2,"name":"Nos solutions","item":"https:\/\/www.calmedica.com\/?page_id=32766"},{"@type":"ListItem","position":3,"name":"Patients chroniques"}]},{"@type":"WebSite","@id":"https:\/\/www.calmedica.com\/#website","url":"https:\/\/www.calmedica.com\/","name":"Calmedica","description":"Mettre la e-sant\u00e9 \u00e0 la port\u00e9e de tous","potentialAction":[{"@type":"SearchAction","target":{"@type":"EntryPoint","urlTemplate":"https:\/\/www.calmedica.com\/?s={search_term_string}"},"query-input":{"@type":"PropertyValueSpecification","valueRequired":true,"valueName":"search_term_string"}}],"inLanguage":"fr-FR"}]}},"_links":{"self":[{"href":"https:\/\/www.calmedica.com\/index.php?rest_route=\/wp\/v2\/pages\/31479","targetHints":{"allow":["GET"]}}],"collection":[{"href":"https:\/\/www.calmedica.com\/index.php?rest_route=\/wp\/v2\/pages"}],"about":[{"href":"https:\/\/www.calmedica.com\/index.php?rest_route=\/wp\/v2\/types\/page"}],"author":[{"embeddable":true,"href":"https:\/\/www.calmedica.com\/index.php?rest_route=\/wp\/v2\/users\/1"}],"replies":[{"embeddable":true,"href":"https:\/\/www.calmedica.com\/index.php?rest_route=%2Fwp%2Fv2%2Fcomments&post=31479"}],"version-history":[{"count":16,"href":"https:\/\/www.calmedica.com\/index.php?rest_route=\/wp\/v2\/pages\/31479\/revisions"}],"predecessor-version":[{"id":35515,"href":"https:\/\/www.calmedica.com\/index.php?rest_route=\/wp\/v2\/pages\/31479\/revisions\/35515"}],"up":[{"embeddable":true,"href":"https:\/\/www.calmedica.com\/index.php?rest_route=\/wp\/v2\/pages\/32766"}],"wp:attachment":[{"href":"https:\/\/www.calmedica.com\/index.php?rest_route=%2Fwp%2Fv2%2Fmedia&parent=31479"}],"curies":[{"name":"wp","href":"https:\/\/api.w.org\/{rel}","templated":true}]}}