
{"id":31973,"date":"2020-09-14T15:51:31","date_gmt":"2020-09-14T13:51:31","guid":{"rendered":"https:\/\/www.calmedica.com\/?page_id=31973"},"modified":"2024-10-24T16:19:02","modified_gmt":"2024-10-24T14:19:02","slug":"raac","status":"publish","type":"page","link":"https:\/\/www.calmedica.com\/?page_id=31973","title":{"rendered":"Raac"},"content":{"rendered":"<p>[et_pb_section fb_built=&#8221;1&#8243; custom_padding_last_edited=&#8221;on|phone&#8221; disabled_on=&#8221;off|off|off&#8221; admin_label=&#8221;Services&#8221; _builder_version=&#8221;4.16&#8243; custom_padding=&#8221;41px|0px|0px|0px|false|false&#8221; custom_padding_tablet=&#8221;10px||0px||false|false&#8221; custom_padding_phone=&#8221;&#8221; global_colors_info=&#8221;{}&#8221;][et_pb_row _builder_version=&#8221;4.17.4&#8243; custom_margin=&#8221;||100px||false|false&#8221; custom_margin_tablet=&#8221;15px||50px||false|false&#8221; custom_margin_phone=&#8221;&#8221; custom_margin_last_edited=&#8221;on|phone&#8221; custom_padding=&#8221;|||&#8221; global_colors_info=&#8221;{}&#8221;][et_pb_column type=&#8221;4_4&#8243; _builder_version=&#8221;4.16&#8243; custom_padding=&#8221;|||&#8221; global_colors_info=&#8221;{}&#8221; custom_padding__hover=&#8221;|||&#8221;][et_pb_divider divider_position=&#8221;center&#8221; divider_weight=&#8221;0px&#8221; admin_label=&#8221;S\u00e9parateur rond&#8221; module_class=&#8221;anim&#8221; _builder_version=&#8221;4.16&#8243; background_color=&#8221;#f65200&#8243; width=&#8221;30px&#8221; max_width=&#8221;30px&#8221; module_alignment=&#8221;center&#8221; height=&#8221;30px&#8221; max_height=&#8221;30px&#8221; scroll_horizontal_motion_enable=&#8221;on&#8221; scroll_horizontal_motion=&#8221;0|50|50|100|0.1|0|-0.1&#8243; border_radii=&#8221;on|56px|56px|56px|56px&#8221; global_colors_info=&#8221;{}&#8221;][\/et_pb_divider][et_pb_text _builder_version=&#8221;4.16&#8243; header_font=&#8221;|800|||||||&#8221; header_text_color=&#8221;#4c4c4c&#8221; header_font_size=&#8221;60px&#8221; header_letter_spacing=&#8221;2px&#8221; text_orientation=&#8221;center&#8221; custom_margin_tablet=&#8221;||||false|false&#8221; custom_margin_phone=&#8221;&#8221; custom_margin_last_edited=&#8221;on|tablet&#8221; header_font_size_tablet=&#8221;&#8221; header_font_size_phone=&#8221;35px&#8221; header_font_size_last_edited=&#8221;on|phone&#8221; global_colors_info=&#8221;{}&#8221;]<\/p>\n<h1><span class=\"corange\">RA<\/span>AC<\/h1>\n<p>[\/et_pb_text][et_pb_divider divider_position=&#8221;center&#8221; divider_weight=&#8221;0px&#8221; admin_label=&#8221;S\u00e9parateur rond&#8221; module_class=&#8221;anim&#8221; _builder_version=&#8221;4.16&#8243; background_color=&#8221;#f65200&#8243; width=&#8221;30px&#8221; max_width=&#8221;30px&#8221; module_alignment=&#8221;center&#8221; height=&#8221;30px&#8221; max_height=&#8221;30px&#8221; scroll_horizontal_motion_enable=&#8221;on&#8221; scroll_horizontal_motion=&#8221;0|50|50|100|-0.1|0|0.1&#8243; border_radii=&#8221;on|56px|56px|56px|56px&#8221; global_colors_info=&#8221;{}&#8221;][\/et_pb_divider][\/et_pb_column][\/et_pb_row][et_pb_row _builder_version=&#8221;4.16&#8243; _module_preset=&#8221;default&#8221; global_colors_info=&#8221;{}&#8221;][et_pb_column type=&#8221;4_4&#8243; _builder_version=&#8221;4.16&#8243; _module_preset=&#8221;default&#8221; global_colors_info=&#8221;{}&#8221;][et_pb_text _builder_version=&#8221;4.16&#8243; _module_preset=&#8221;default&#8221; text_font_size=&#8221;17px&#8221; custom_margin=&#8221;||50px||false|false&#8221; global_colors_info=&#8221;{}&#8221;]<\/p>\n<p>La R\u00e9cup\u00e9ration Acc\u00e9l\u00e9r\u00e9e Apr\u00e8s Chirurgie (RAAC) est une m\u00e9thode de prise en charge du patient invent\u00e9e dans les ann\u00e9es 90 par le Pr. Henrik Kehlet. Elle permet un r\u00e9tablissement plus rapide du patient apr\u00e8s une op\u00e9ration de chirurgie. La RAAC est devenu un enjeu majeur lors de ces derni\u00e8res ann\u00e9es et l&#8217;HAS pousse tous les \u00e9tablissements de sant\u00e9 \u00e0 d\u00e9velopper cette m\u00e9thode. Calmedica vous propose d&#8217;accompagner vos patients de mani\u00e8re optimis\u00e9e via notre solution.<\/p>\n<p>[\/et_pb_text][\/et_pb_column][\/et_pb_row][et_pb_row _builder_version=&#8221;4.16&#8243; _module_preset=&#8221;default&#8221; global_colors_info=&#8221;{}&#8221;][et_pb_column type=&#8221;4_4&#8243; _builder_version=&#8221;4.16&#8243; _module_preset=&#8221;default&#8221; global_colors_info=&#8221;{}&#8221;][\/et_pb_column][\/et_pb_row][et_pb_row custom_padding_last_edited=&#8221;on|tablet&#8221; _builder_version=&#8221;4.17.4&#8243; background_color=&#8221;#55afb9&#8243; width_tablet=&#8221;&#8221; width_phone=&#8221;100%&#8221; width_last_edited=&#8221;on|phone&#8221; custom_padding=&#8221;||53px||false|false&#8221; custom_padding_tablet=&#8221;||19px||false|false&#8221; custom_padding_phone=&#8221;&#8221; hover_enabled=&#8221;0&#8243; border_radii=&#8221;on|5px|5px|5px|5px&#8221; global_colors_info=&#8221;{}&#8221; sticky_enabled=&#8221;0&#8243;][et_pb_column type=&#8221;4_4&#8243; _builder_version=&#8221;4.16&#8243; global_colors_info=&#8221;{}&#8221;][et_pb_text admin_label=&#8221;Sous titre&#8221; _builder_version=&#8221;4.17.4&#8243; text_font_size=&#8221;22px&#8221; background_color=&#8221;#ffffff&#8221; max_width=&#8221;77%&#8221; max_width_tablet=&#8221;90%&#8221; max_width_phone=&#8221;&#8221; max_width_last_edited=&#8221;on|tablet&#8221; module_alignment=&#8221;center&#8221; custom_margin=&#8221;70px||70px||false|false&#8221; custom_margin_tablet=&#8221;30px|||0%|false|false&#8221; custom_margin_phone=&#8221;&#8221; custom_margin_last_edited=&#8221;on|tablet&#8221; custom_padding=&#8221;30px|30px|80px|30px|false|true&#8221; custom_padding_tablet=&#8221;40px|12%|84px|12%|false|true&#8221; custom_padding_phone=&#8221;&#8221; custom_padding_last_edited=&#8221;on|tablet&#8221; animation_style=&#8221;slide&#8221; animation_direction=&#8221;left&#8221; animation_duration=&#8221;1500ms&#8221; animation_delay=&#8221;400ms&#8221; animation_duration_tablet=&#8221;&#8221; animation_duration_phone=&#8221;0ms&#8221; animation_duration_last_edited=&#8221;on|phone&#8221; border_radii=&#8221;on|5px|5px|5px|5px&#8221; global_colors_info=&#8221;{}&#8221;]<\/p>\n<p><i class=\"fas fa-circle corange\"><\/i><span style=\"font-size: 22px; font-weight: 800;\">\u00a0Solution de suivi en RAAC :<\/span><\/p>\n<p><span class=\"fw800\"><\/span><\/p>\n<ul>\n<li class=\"fs17\">B\u00e9n\u00e9ficiez de notre expertise sur de multiples sp\u00e9cialit\u00e9s \u00e0 votre disposition (orthop\u00e9die, gyn\u00e9cologie, urologie, digestif, \u2026)<\/li>\n<\/ul>\n<ul>\n<li class=\"fs17\">Adaptez le suivi \u00e0 vos patients : SMS, vid\u00e9os, photos, documents<\/li>\n<\/ul>\n<ul>\n<li class=\"fs17\">R\u00e9alisez des statistiques compl\u00e8tes pour faire des publications<\/li>\n<\/ul>\n<ul>\n<li class=\"fs17\">Adaptez l\u2019algorithme \u00e0 votre sp\u00e9cialit\u00e9 et votre organisation :<br \/>\u2013 contenu du message<br \/>\u2013 fr\u00e9quence<br \/>\u2013 heures d\u2019ouvertures<\/li>\n<\/ul>\n<ul>\n<li class=\"fs17\">S\u00e9curisez vos patients \u00e0 distance<\/li>\n<\/ul>\n<p>[\/et_pb_text][et_pb_gallery gallery_ids=&#8221;31456&#8243; fullwidth=&#8221;on&#8221; module_class=&#8221;illustrationaccueil anim&#8221; _builder_version=&#8221;4.16&#8243; max_width=&#8221;276px&#8221; max_width_tablet=&#8221;&#8221; max_width_phone=&#8221;50%&#8221; max_width_last_edited=&#8221;on|phone&#8221; module_alignment=&#8221;center&#8221; custom_margin=&#8221;16%||||false|false&#8221; custom_margin_tablet=&#8221;20px||||false|false&#8221; custom_margin_phone=&#8221;10px||||false|false&#8221; custom_margin_last_edited=&#8221;on|phone&#8221; scroll_vertical_motion_enable=&#8221;on&#8221; scroll_vertical_motion=&#8221;0|50|50|100|-2|0|1&#8243; scroll_vertical_motion_tablet=&#8221;0|50|50|100|0|0|0&#8243; scroll_vertical_motion_phone=&#8221;0|50|50|100|0|0|0&#8243; scroll_vertical_motion_last_edited=&#8221;on|phone&#8221; global_colors_info=&#8221;{}&#8221;][\/et_pb_gallery][\/et_pb_column][\/et_pb_row][et_pb_row _builder_version=&#8221;4.16&#8243; _module_preset=&#8221;default&#8221; global_colors_info=&#8221;{}&#8221;][et_pb_column type=&#8221;4_4&#8243; _builder_version=&#8221;4.16&#8243; _module_preset=&#8221;default&#8221; global_colors_info=&#8221;{}&#8221;][et_pb_divider show_divider=&#8221;off&#8221; _builder_version=&#8221;4.16&#8243; _module_preset=&#8221;default&#8221; min_height=&#8221;71px&#8221; global_colors_info=&#8221;{}&#8221;][\/et_pb_divider][\/et_pb_column][\/et_pb_row][et_pb_row _builder_version=&#8221;4.17.4&#8243; _module_preset=&#8221;default&#8221; custom_margin=&#8221;50px||50px||false|false&#8221; global_colors_info=&#8221;{}&#8221;][et_pb_column type=&#8221;4_4&#8243; _builder_version=&#8221;4.16&#8243; _module_preset=&#8221;default&#8221; global_colors_info=&#8221;{}&#8221;][et_pb_button button_url=&#8221;https:\/\/www.calmedica.com\/contact\/&#8221; button_text=&#8221;Demander une d\u00e9mo&#8221; button_alignment=&#8221;center&#8221; _builder_version=&#8221;4.16&#8243; _module_preset=&#8221;default&#8221; custom_button=&#8221;on&#8221; button_text_size=&#8221;22px&#8221; button_bg_color=&#8221;#fb4f14&#8243; button_text_shadow_style=&#8221;preset1&#8243; global_colors_info=&#8221;{}&#8221;][\/et_pb_button][\/et_pb_column][\/et_pb_row][et_pb_row _builder_version=&#8221;4.16&#8243; _module_preset=&#8221;default&#8221; global_colors_info=&#8221;{}&#8221;][et_pb_column type=&#8221;4_4&#8243; _builder_version=&#8221;4.16&#8243; _module_preset=&#8221;default&#8221; global_colors_info=&#8221;{}&#8221;][et_pb_divider show_divider=&#8221;off&#8221; _builder_version=&#8221;4.16&#8243; _module_preset=&#8221;default&#8221; min_height=&#8221;72px&#8221; global_colors_info=&#8221;{}&#8221;][\/et_pb_divider][\/et_pb_column][\/et_pb_row][\/et_pb_section][et_pb_section fb_built=&#8221;1&#8243; custom_padding_last_edited=&#8221;on|tablet&#8221; admin_label=&#8221;Services&#8221; _builder_version=&#8221;4.16&#8243; background_color=&#8221;#f4f7f9&#8243; custom_padding=&#8221;99px|0px|120px|0px|false|false&#8221; custom_padding_tablet=&#8221;50px||50px||false|false&#8221; custom_padding_phone=&#8221;&#8221; global_colors_info=&#8221;{}&#8221;][et_pb_row _builder_version=&#8221;4.17.4&#8243; custom_margin=&#8221;50px|auto|50px|auto|false|false&#8221; custom_margin_tablet=&#8221;||50px||false|false&#8221; custom_margin_phone=&#8221;&#8221; custom_margin_last_edited=&#8221;on|phone&#8221; custom_padding=&#8221;|||&#8221; global_colors_info=&#8221;{}&#8221;][et_pb_column type=&#8221;4_4&#8243; _builder_version=&#8221;4.16&#8243; custom_padding=&#8221;|||&#8221; global_colors_info=&#8221;{}&#8221; custom_padding__hover=&#8221;|||&#8221;][et_pb_divider divider_position=&#8221;center&#8221; divider_weight=&#8221;0px&#8221; admin_label=&#8221;S\u00e9parateur rond&#8221; module_class=&#8221;anim&#8221; _builder_version=&#8221;4.16&#8243; background_color=&#8221;#f65200&#8243; width=&#8221;30px&#8221; max_width=&#8221;30px&#8221; module_alignment=&#8221;center&#8221; height=&#8221;30px&#8221; max_height=&#8221;30px&#8221; scroll_horizontal_motion_enable=&#8221;on&#8221; scroll_horizontal_motion=&#8221;0|50|50|100|0.1|0|-0.1&#8243; border_radii=&#8221;on|56px|56px|56px|56px&#8221; global_colors_info=&#8221;{}&#8221;][\/et_pb_divider][et_pb_text _builder_version=&#8221;4.16&#8243; text_font=&#8221;||||||||&#8221; header_font=&#8221;||||||||&#8221; header_2_font=&#8221;|600|||||||&#8221; header_2_text_color=&#8221;#4c4c4c&#8221; header_2_font_size=&#8221;40px&#8221; header_3_font=&#8221;||||||||&#8221; text_orientation=&#8221;center&#8221; header_2_font_size_tablet=&#8221;&#8221; header_2_font_size_phone=&#8221;30px&#8221; header_2_font_size_last_edited=&#8221;on|phone&#8221; global_colors_info=&#8221;{}&#8221;]<\/p>\n<h2>T\u00e9moignages<\/h2>\n<p>[\/et_pb_text][et_pb_divider divider_position=&#8221;center&#8221; divider_weight=&#8221;0px&#8221; admin_label=&#8221;S\u00e9parateur rond&#8221; module_class=&#8221;anim&#8221; _builder_version=&#8221;4.16&#8243; background_color=&#8221;#f65200&#8243; width=&#8221;30px&#8221; max_width=&#8221;30px&#8221; module_alignment=&#8221;center&#8221; height=&#8221;30px&#8221; max_height=&#8221;30px&#8221; scroll_horizontal_motion_enable=&#8221;on&#8221; scroll_horizontal_motion=&#8221;0|50|50|100|-0.1|0|0.1&#8243; border_radii=&#8221;on|56px|56px|56px|56px&#8221; global_colors_info=&#8221;{}&#8221;][\/et_pb_divider][\/et_pb_column][\/et_pb_row][et_pb_row column_structure=&#8221;1_2,1_2&#8243; _builder_version=&#8221;4.16&#8243; width_tablet=&#8221;95%&#8221; width_phone=&#8221;&#8221; width_last_edited=&#8221;on|phone&#8221; custom_padding=&#8221;||0px||false|false&#8221; global_colors_info=&#8221;{}&#8221;][et_pb_column type=&#8221;1_2&#8243; _builder_version=&#8221;4.16&#8243; global_colors_info=&#8221;{}&#8221;][et_pb_post_slider include_categories=&#8221;28&#8243; show_more_button=&#8221;off&#8221; content_source=&#8221;on&#8221; show_meta=&#8221;off&#8221; show_image=&#8221;off&#8221; use_bg_overlay=&#8221;off&#8221; use_text_overlay=&#8221;off&#8221; arrows_custom_color=&#8221;#fb4f14&#8243; dot_nav_custom_color=&#8221;#fb4f14&#8243; module_class=&#8221;temoignages&#8221; _builder_version=&#8221;4.17.4&#8243; header_font_size=&#8221;23px&#8221; background_color=&#8221;#ffffff&#8221; text_orientation=&#8221;left&#8221; background_layout=&#8221;light&#8221; max_width=&#8221;90%&#8221; max_width_tablet=&#8221;100%&#8221; max_width_phone=&#8221;&#8221; max_width_last_edited=&#8221;on|phone&#8221; custom_margin=&#8221;||||false|false&#8221; custom_padding=&#8221;70px||70px||true|false&#8221; border_radii=&#8221;on|5px|5px|5px|5px&#8221; global_colors_info=&#8221;{}&#8221;][\/et_pb_post_slider][\/et_pb_column][et_pb_column type=&#8221;1_2&#8243; _builder_version=&#8221;4.16&#8243; global_colors_info=&#8221;{}&#8221;][et_pb_video src=&#8221;https:\/\/www.youtube.com\/watch?v=FWdLBgU6sJ0&#8243; play_icon_color=&#8221;#fb4f14&#8243; use_icon_font_size=&#8221;on&#8221; thumbnail_overlay_color=&#8221;#fb4f14&#8243; _builder_version=&#8221;4.17.4&#8243; max_width=&#8221;90%&#8221; module_alignment=&#8221;right&#8221; custom_margin=&#8221;100px||100px||false|false&#8221; custom_margin_tablet=&#8221;50px||||false|false&#8221; custom_margin_phone=&#8221;&#8221; custom_margin_last_edited=&#8221;on|phone&#8221; custom_padding=&#8221;0px||||false|false&#8221; module_alignment_tablet=&#8221;center&#8221; module_alignment_phone=&#8221;&#8221; module_alignment_last_edited=&#8221;on|tablet&#8221; border_radii=&#8221;on|5px|5px|5px|5px&#8221; global_colors_info=&#8221;{}&#8221;][\/et_pb_video][\/et_pb_column][\/et_pb_row][\/et_pb_section]<\/p>\n","protected":false},"excerpt":{"rendered":"<p>RAACLa R\u00e9cup\u00e9ration Acc\u00e9l\u00e9r\u00e9e Apr\u00e8s Chirurgie (RAAC) est une m\u00e9thode de prise en charge du patient invent\u00e9e dans les ann\u00e9es 90 par le Pr. Henrik Kehlet. Elle permet un r\u00e9tablissement plus rapide du patient apr\u00e8s une op\u00e9ration de chirurgie. La RAAC est devenu un enjeu majeur lors de ces derni\u00e8res ann\u00e9es et l&#8217;HAS pousse tous les [&hellip;]<\/p>\n","protected":false},"author":1,"featured_media":0,"parent":32766,"menu_order":0,"comment_status":"closed","ping_status":"closed","template":"","meta":{"_et_pb_use_builder":"on","_et_pb_old_content":"","_et_gb_content_width":"","footnotes":""},"class_list":["post-31973","page","type-page","status-publish","hentry"],"yoast_head":"<!-- This site is optimized with the Yoast SEO plugin v27.5 - https:\/\/yoast.com\/product\/yoast-seo-wordpress\/ -->\n<title>Raac - Calmedica<\/title>\n<meta name=\"description\" content=\"Notre solution de t\u00e9l\u00e9suivi automatis\u00e9 prends en charge les suivis post-chirurgicaux en ambulatoire et RAAC\" \/>\n<meta name=\"robots\" content=\"index, follow, max-snippet:-1, max-image-preview:large, max-video-preview:-1\" \/>\n<link rel=\"canonical\" href=\"https:\/\/www.calmedica.com\/?page_id=31973\" \/>\n<meta property=\"og:locale\" content=\"fr_FR\" \/>\n<meta property=\"og:type\" content=\"article\" \/>\n<meta property=\"og:title\" content=\"Raac - Calmedica\" \/>\n<meta property=\"og:description\" content=\"Notre solution de t\u00e9l\u00e9suivi automatis\u00e9 prends en charge les suivis post-chirurgicaux en ambulatoire et RAAC\" \/>\n<meta property=\"og:url\" content=\"https:\/\/www.calmedica.com\/?page_id=31973\" \/>\n<meta property=\"og:site_name\" content=\"Calmedica\" \/>\n<meta property=\"article:modified_time\" content=\"2024-10-24T14:19:02+00:00\" \/>\n<meta name=\"twitter:card\" content=\"summary_large_image\" \/>\n<meta name=\"twitter:label1\" content=\"Dur\u00e9e de lecture estim\u00e9e\" \/>\n\t<meta name=\"twitter:data1\" content=\"7 minutes\" \/>\n<script type=\"application\/ld+json\" class=\"yoast-schema-graph\">{\"@context\":\"https:\\\/\\\/schema.org\",\"@graph\":[{\"@type\":\"WebPage\",\"@id\":\"https:\\\/\\\/www.calmedica.com\\\/?page_id=31973\",\"url\":\"https:\\\/\\\/www.calmedica.com\\\/?page_id=31973\",\"name\":\"Raac - Calmedica\",\"isPartOf\":{\"@id\":\"https:\\\/\\\/www.calmedica.com\\\/#website\"},\"datePublished\":\"2020-09-14T13:51:31+00:00\",\"dateModified\":\"2024-10-24T14:19:02+00:00\",\"description\":\"Notre solution de t\u00e9l\u00e9suivi automatis\u00e9 prends en charge les suivis post-chirurgicaux en ambulatoire et RAAC\",\"breadcrumb\":{\"@id\":\"https:\\\/\\\/www.calmedica.com\\\/?page_id=31973#breadcrumb\"},\"inLanguage\":\"fr-FR\",\"potentialAction\":[{\"@type\":\"ReadAction\",\"target\":[\"https:\\\/\\\/www.calmedica.com\\\/?page_id=31973\"]}]},{\"@type\":\"BreadcrumbList\",\"@id\":\"https:\\\/\\\/www.calmedica.com\\\/?page_id=31973#breadcrumb\",\"itemListElement\":[{\"@type\":\"ListItem\",\"position\":1,\"name\":\"Accueil\",\"item\":\"https:\\\/\\\/www.calmedica.com\\\/\"},{\"@type\":\"ListItem\",\"position\":2,\"name\":\"Nos solutions\",\"item\":\"https:\\\/\\\/www.calmedica.com\\\/?page_id=32766\"},{\"@type\":\"ListItem\",\"position\":3,\"name\":\"Raac\"}]},{\"@type\":\"WebSite\",\"@id\":\"https:\\\/\\\/www.calmedica.com\\\/#website\",\"url\":\"https:\\\/\\\/www.calmedica.com\\\/\",\"name\":\"Calmedica\",\"description\":\"Mettre la e-sant\u00e9 \u00e0 la port\u00e9e de tous\",\"potentialAction\":[{\"@type\":\"SearchAction\",\"target\":{\"@type\":\"EntryPoint\",\"urlTemplate\":\"https:\\\/\\\/www.calmedica.com\\\/?s={search_term_string}\"},\"query-input\":{\"@type\":\"PropertyValueSpecification\",\"valueRequired\":true,\"valueName\":\"search_term_string\"}}],\"inLanguage\":\"fr-FR\"}]}<\/script>\n<!-- \/ Yoast SEO plugin. -->","yoast_head_json":{"title":"Raac - Calmedica","description":"Notre solution de t\u00e9l\u00e9suivi automatis\u00e9 prends en charge les suivis post-chirurgicaux en ambulatoire et RAAC","robots":{"index":"index","follow":"follow","max-snippet":"max-snippet:-1","max-image-preview":"max-image-preview:large","max-video-preview":"max-video-preview:-1"},"canonical":"https:\/\/www.calmedica.com\/?page_id=31973","og_locale":"fr_FR","og_type":"article","og_title":"Raac - Calmedica","og_description":"Notre solution de t\u00e9l\u00e9suivi automatis\u00e9 prends en charge les suivis post-chirurgicaux en ambulatoire et RAAC","og_url":"https:\/\/www.calmedica.com\/?page_id=31973","og_site_name":"Calmedica","article_modified_time":"2024-10-24T14:19:02+00:00","twitter_card":"summary_large_image","twitter_misc":{"Dur\u00e9e de lecture estim\u00e9e":"7 minutes"},"schema":{"@context":"https:\/\/schema.org","@graph":[{"@type":"WebPage","@id":"https:\/\/www.calmedica.com\/?page_id=31973","url":"https:\/\/www.calmedica.com\/?page_id=31973","name":"Raac - Calmedica","isPartOf":{"@id":"https:\/\/www.calmedica.com\/#website"},"datePublished":"2020-09-14T13:51:31+00:00","dateModified":"2024-10-24T14:19:02+00:00","description":"Notre solution de t\u00e9l\u00e9suivi automatis\u00e9 prends en charge les suivis post-chirurgicaux en ambulatoire et RAAC","breadcrumb":{"@id":"https:\/\/www.calmedica.com\/?page_id=31973#breadcrumb"},"inLanguage":"fr-FR","potentialAction":[{"@type":"ReadAction","target":["https:\/\/www.calmedica.com\/?page_id=31973"]}]},{"@type":"BreadcrumbList","@id":"https:\/\/www.calmedica.com\/?page_id=31973#breadcrumb","itemListElement":[{"@type":"ListItem","position":1,"name":"Accueil","item":"https:\/\/www.calmedica.com\/"},{"@type":"ListItem","position":2,"name":"Nos solutions","item":"https:\/\/www.calmedica.com\/?page_id=32766"},{"@type":"ListItem","position":3,"name":"Raac"}]},{"@type":"WebSite","@id":"https:\/\/www.calmedica.com\/#website","url":"https:\/\/www.calmedica.com\/","name":"Calmedica","description":"Mettre la e-sant\u00e9 \u00e0 la port\u00e9e de tous","potentialAction":[{"@type":"SearchAction","target":{"@type":"EntryPoint","urlTemplate":"https:\/\/www.calmedica.com\/?s={search_term_string}"},"query-input":{"@type":"PropertyValueSpecification","valueRequired":true,"valueName":"search_term_string"}}],"inLanguage":"fr-FR"}]}},"_links":{"self":[{"href":"https:\/\/www.calmedica.com\/index.php?rest_route=\/wp\/v2\/pages\/31973","targetHints":{"allow":["GET"]}}],"collection":[{"href":"https:\/\/www.calmedica.com\/index.php?rest_route=\/wp\/v2\/pages"}],"about":[{"href":"https:\/\/www.calmedica.com\/index.php?rest_route=\/wp\/v2\/types\/page"}],"author":[{"embeddable":true,"href":"https:\/\/www.calmedica.com\/index.php?rest_route=\/wp\/v2\/users\/1"}],"replies":[{"embeddable":true,"href":"https:\/\/www.calmedica.com\/index.php?rest_route=%2Fwp%2Fv2%2Fcomments&post=31973"}],"version-history":[{"count":20,"href":"https:\/\/www.calmedica.com\/index.php?rest_route=\/wp\/v2\/pages\/31973\/revisions"}],"predecessor-version":[{"id":36790,"href":"https:\/\/www.calmedica.com\/index.php?rest_route=\/wp\/v2\/pages\/31973\/revisions\/36790"}],"up":[{"embeddable":true,"href":"https:\/\/www.calmedica.com\/index.php?rest_route=\/wp\/v2\/pages\/32766"}],"wp:attachment":[{"href":"https:\/\/www.calmedica.com\/index.php?rest_route=%2Fwp%2Fv2%2Fmedia&parent=31973"}],"curies":[{"name":"wp","href":"https:\/\/api.w.org\/{rel}","templated":true}]}}