
{"id":32753,"date":"2020-12-04T17:27:09","date_gmt":"2020-12-04T16:27:09","guid":{"rendered":"https:\/\/www.calmedica.com\/?page_id=32753"},"modified":"2026-01-23T12:46:29","modified_gmt":"2026-01-23T11:46:29","slug":"blog","status":"publish","type":"page","link":"https:\/\/www.calmedica.com\/?page_id=32753","title":{"rendered":"Blog"},"content":{"rendered":"<p>[et_pb_section fb_built=&#8221;1&#8243; custom_padding_last_edited=&#8221;on|phone&#8221; disabled_on=&#8221;off|off|off&#8221; admin_label=&#8221;Services&#8221; _builder_version=&#8221;4.17.4&#8243; custom_padding=&#8221;0px|0px|0px|0px|false|false&#8221; custom_padding_tablet=&#8221;10px||0px||false|false&#8221; custom_padding_phone=&#8221;&#8221; global_colors_info=&#8221;{}&#8221;][et_pb_row _builder_version=&#8221;4.17.4&#8243; custom_margin=&#8221;||||false|false&#8221; custom_margin_tablet=&#8221;15px||50px||false|false&#8221; custom_margin_phone=&#8221;&#8221; custom_margin_last_edited=&#8221;on|phone&#8221; custom_padding=&#8221;80px||||false|false&#8221; global_colors_info=&#8221;{}&#8221;][et_pb_column type=&#8221;4_4&#8243; _builder_version=&#8221;4.16&#8243; custom_padding=&#8221;|||&#8221; global_colors_info=&#8221;{}&#8221; custom_padding__hover=&#8221;|||&#8221;][et_pb_divider divider_position=&#8221;center&#8221; divider_weight=&#8221;0px&#8221; admin_label=&#8221;S\u00e9parateur rond&#8221; module_class=&#8221;anim&#8221; _builder_version=&#8221;4.16&#8243; background_color=&#8221;#f65200&#8243; width=&#8221;30px&#8221; max_width=&#8221;30px&#8221; module_alignment=&#8221;center&#8221; height=&#8221;30px&#8221; max_height=&#8221;30px&#8221; scroll_horizontal_motion_enable=&#8221;on&#8221; scroll_horizontal_motion=&#8221;0|50|50|100|0.1|0|-0.1&#8243; border_radii=&#8221;on|56px|56px|56px|56px&#8221; global_colors_info=&#8221;{}&#8221;][\/et_pb_divider][et_pb_text admin_label=&#8221;Titre&#8221; _builder_version=&#8221;4.16&#8243; header_font=&#8221;|800|||||||&#8221; header_text_color=&#8221;#4c4c4c&#8221; header_font_size=&#8221;60px&#8221; header_letter_spacing=&#8221;2px&#8221; text_orientation=&#8221;center&#8221; custom_margin_tablet=&#8221;||||false|false&#8221; custom_margin_phone=&#8221;&#8221; custom_margin_last_edited=&#8221;on|tablet&#8221; header_font_size_tablet=&#8221;&#8221; header_font_size_phone=&#8221;35px&#8221; header_font_size_last_edited=&#8221;on|phone&#8221; global_colors_info=&#8221;{}&#8221;]<\/p>\n<h1><span class=\"corange\">Notre<\/span> blog<\/h1>\n<p>[\/et_pb_text][et_pb_divider divider_position=&#8221;center&#8221; divider_weight=&#8221;0px&#8221; admin_label=&#8221;S\u00e9parateur rond&#8221; module_class=&#8221;anim&#8221; _builder_version=&#8221;4.16&#8243; background_color=&#8221;#f65200&#8243; width=&#8221;30px&#8221; max_width=&#8221;30px&#8221; module_alignment=&#8221;center&#8221; height=&#8221;30px&#8221; max_height=&#8221;30px&#8221; scroll_horizontal_motion_enable=&#8221;on&#8221; scroll_horizontal_motion=&#8221;0|50|50|100|-0.1|0|0.1&#8243; border_radii=&#8221;on|56px|56px|56px|56px&#8221; global_colors_info=&#8221;{}&#8221;][\/et_pb_divider][et_pb_blog fullwidth=&#8221;off&#8221; posts_number=&#8221;50&#8243; include_categories=&#8221;32&#8243; show_more=&#8221;on&#8221; show_author=&#8221;off&#8221; show_categories=&#8221;off&#8221; show_pagination=&#8221;off&#8221; use_overlay=&#8221;on&#8221; overlay_icon_color=&#8221;#fb4f14&#8243; hover_overlay_color=&#8221;rgba(0,0,0,0.5)&#8221; module_class=&#8221;blogaccueil&#8221; _builder_version=&#8221;4.17.4&#8243; header_level=&#8221;h3&#8243; header_font=&#8221;|800|||||||&#8221; header_font_size=&#8221;20px&#8221; body_font=&#8221;Poppins||||||||&#8221; meta_font=&#8221;Poppins|600|||||||&#8221; read_more_font=&#8221;|800|||||||&#8221; read_more_letter_spacing=&#8221;1px&#8221; read_more_line_height=&#8221;2.3em&#8221; custom_margin=&#8221;40px||||false|false&#8221; custom_margin_tablet=&#8221;&#8221; custom_margin_phone=&#8221;15px||||false|false&#8221; custom_margin_last_edited=&#8221;on|phone&#8221; border_radii=&#8221;on|5px|5px|5px|5px&#8221; border_width_all=&#8221;2px&#8221; border_color_all=&#8221;#fb4f14&#8243; global_colors_info=&#8221;{}&#8221;][\/et_pb_blog][\/et_pb_column][\/et_pb_row][\/et_pb_section]<\/p>\n","protected":false},"excerpt":{"rendered":"<p>Notre blog<\/p>\n","protected":false},"author":1,"featured_media":0,"parent":32816,"menu_order":0,"comment_status":"closed","ping_status":"closed","template":"","meta":{"_et_pb_use_builder":"on","_et_pb_old_content":"","_et_gb_content_width":"","footnotes":""},"class_list":["post-32753","page","type-page","status-publish","hentry"],"yoast_head":"<!-- This site is optimized with the Yoast SEO plugin v27.5 - https:\/\/yoast.com\/product\/yoast-seo-wordpress\/ -->\n<title>Blog - Calmedica<\/title>\n<meta name=\"robots\" content=\"index, follow, max-snippet:-1, max-image-preview:large, max-video-preview:-1\" \/>\n<link rel=\"canonical\" href=\"https:\/\/www.calmedica.com\/?page_id=32753\" \/>\n<meta property=\"og:locale\" content=\"fr_FR\" \/>\n<meta property=\"og:type\" content=\"article\" \/>\n<meta property=\"og:title\" content=\"Blog - Calmedica\" \/>\n<meta property=\"og:description\" content=\"Notre blog\" \/>\n<meta property=\"og:url\" content=\"https:\/\/www.calmedica.com\/?page_id=32753\" \/>\n<meta property=\"og:site_name\" content=\"Calmedica\" \/>\n<meta property=\"article:modified_time\" content=\"2026-01-23T11:46:29+00:00\" \/>\n<meta name=\"twitter:card\" content=\"summary_large_image\" \/>\n<meta name=\"twitter:label1\" content=\"Dur\u00e9e de lecture estim\u00e9e\" \/>\n\t<meta name=\"twitter:data1\" content=\"17 minutes\" \/>\n<script type=\"application\/ld+json\" class=\"yoast-schema-graph\">{\"@context\":\"https:\\\/\\\/schema.org\",\"@graph\":[{\"@type\":\"WebPage\",\"@id\":\"https:\\\/\\\/www.calmedica.com\\\/?page_id=32753\",\"url\":\"https:\\\/\\\/www.calmedica.com\\\/?page_id=32753\",\"name\":\"Blog - Calmedica\",\"isPartOf\":{\"@id\":\"https:\\\/\\\/www.calmedica.com\\\/#website\"},\"datePublished\":\"2020-12-04T16:27:09+00:00\",\"dateModified\":\"2026-01-23T11:46:29+00:00\",\"breadcrumb\":{\"@id\":\"https:\\\/\\\/www.calmedica.com\\\/?page_id=32753#breadcrumb\"},\"inLanguage\":\"fr-FR\",\"potentialAction\":[{\"@type\":\"ReadAction\",\"target\":[\"https:\\\/\\\/www.calmedica.com\\\/?page_id=32753\"]}]},{\"@type\":\"BreadcrumbList\",\"@id\":\"https:\\\/\\\/www.calmedica.com\\\/?page_id=32753#breadcrumb\",\"itemListElement\":[{\"@type\":\"ListItem\",\"position\":1,\"name\":\"Accueil\",\"item\":\"https:\\\/\\\/www.calmedica.com\\\/\"},{\"@type\":\"ListItem\",\"position\":2,\"name\":\"Actualit\u00e9s\",\"item\":\"https:\\\/\\\/www.calmedica.com\\\/?page_id=32816\"},{\"@type\":\"ListItem\",\"position\":3,\"name\":\"Blog\"}]},{\"@type\":\"WebSite\",\"@id\":\"https:\\\/\\\/www.calmedica.com\\\/#website\",\"url\":\"https:\\\/\\\/www.calmedica.com\\\/\",\"name\":\"Calmedica\",\"description\":\"Mettre la e-sant\u00e9 \u00e0 la port\u00e9e de tous\",\"potentialAction\":[{\"@type\":\"SearchAction\",\"target\":{\"@type\":\"EntryPoint\",\"urlTemplate\":\"https:\\\/\\\/www.calmedica.com\\\/?s={search_term_string}\"},\"query-input\":{\"@type\":\"PropertyValueSpecification\",\"valueRequired\":true,\"valueName\":\"search_term_string\"}}],\"inLanguage\":\"fr-FR\"}]}<\/script>\n<!-- \/ Yoast SEO plugin. -->","yoast_head_json":{"title":"Blog - Calmedica","robots":{"index":"index","follow":"follow","max-snippet":"max-snippet:-1","max-image-preview":"max-image-preview:large","max-video-preview":"max-video-preview:-1"},"canonical":"https:\/\/www.calmedica.com\/?page_id=32753","og_locale":"fr_FR","og_type":"article","og_title":"Blog - Calmedica","og_description":"Notre blog","og_url":"https:\/\/www.calmedica.com\/?page_id=32753","og_site_name":"Calmedica","article_modified_time":"2026-01-23T11:46:29+00:00","twitter_card":"summary_large_image","twitter_misc":{"Dur\u00e9e de lecture estim\u00e9e":"17 minutes"},"schema":{"@context":"https:\/\/schema.org","@graph":[{"@type":"WebPage","@id":"https:\/\/www.calmedica.com\/?page_id=32753","url":"https:\/\/www.calmedica.com\/?page_id=32753","name":"Blog - Calmedica","isPartOf":{"@id":"https:\/\/www.calmedica.com\/#website"},"datePublished":"2020-12-04T16:27:09+00:00","dateModified":"2026-01-23T11:46:29+00:00","breadcrumb":{"@id":"https:\/\/www.calmedica.com\/?page_id=32753#breadcrumb"},"inLanguage":"fr-FR","potentialAction":[{"@type":"ReadAction","target":["https:\/\/www.calmedica.com\/?page_id=32753"]}]},{"@type":"BreadcrumbList","@id":"https:\/\/www.calmedica.com\/?page_id=32753#breadcrumb","itemListElement":[{"@type":"ListItem","position":1,"name":"Accueil","item":"https:\/\/www.calmedica.com\/"},{"@type":"ListItem","position":2,"name":"Actualit\u00e9s","item":"https:\/\/www.calmedica.com\/?page_id=32816"},{"@type":"ListItem","position":3,"name":"Blog"}]},{"@type":"WebSite","@id":"https:\/\/www.calmedica.com\/#website","url":"https:\/\/www.calmedica.com\/","name":"Calmedica","description":"Mettre la e-sant\u00e9 \u00e0 la port\u00e9e de tous","potentialAction":[{"@type":"SearchAction","target":{"@type":"EntryPoint","urlTemplate":"https:\/\/www.calmedica.com\/?s={search_term_string}"},"query-input":{"@type":"PropertyValueSpecification","valueRequired":true,"valueName":"search_term_string"}}],"inLanguage":"fr-FR"}]}},"_links":{"self":[{"href":"https:\/\/www.calmedica.com\/index.php?rest_route=\/wp\/v2\/pages\/32753","targetHints":{"allow":["GET"]}}],"collection":[{"href":"https:\/\/www.calmedica.com\/index.php?rest_route=\/wp\/v2\/pages"}],"about":[{"href":"https:\/\/www.calmedica.com\/index.php?rest_route=\/wp\/v2\/types\/page"}],"author":[{"embeddable":true,"href":"https:\/\/www.calmedica.com\/index.php?rest_route=\/wp\/v2\/users\/1"}],"replies":[{"embeddable":true,"href":"https:\/\/www.calmedica.com\/index.php?rest_route=%2Fwp%2Fv2%2Fcomments&post=32753"}],"version-history":[{"count":7,"href":"https:\/\/www.calmedica.com\/index.php?rest_route=\/wp\/v2\/pages\/32753\/revisions"}],"predecessor-version":[{"id":35446,"href":"https:\/\/www.calmedica.com\/index.php?rest_route=\/wp\/v2\/pages\/32753\/revisions\/35446"}],"up":[{"embeddable":true,"href":"https:\/\/www.calmedica.com\/index.php?rest_route=\/wp\/v2\/pages\/32816"}],"wp:attachment":[{"href":"https:\/\/www.calmedica.com\/index.php?rest_route=%2Fwp%2Fv2%2Fmedia&parent=32753"}],"curies":[{"name":"wp","href":"https:\/\/api.w.org\/{rel}","templated":true}]}}