
{"id":35608,"date":"2023-05-16T14:38:50","date_gmt":"2023-05-16T12:38:50","guid":{"rendered":"https:\/\/www.calmedica.com\/?page_id=35608"},"modified":"2024-01-17T15:40:52","modified_gmt":"2024-01-17T14:40:52","slug":"vos-besoins","status":"publish","type":"page","link":"https:\/\/www.calmedica.com\/?page_id=35608","title":{"rendered":"Vos besoins"},"content":{"rendered":"<p>[et_pb_section fb_built=&#8221;1&#8243; _builder_version=&#8221;4.16&#8243; _module_preset=&#8221;default&#8221; global_colors_info=&#8221;{}&#8221;][et_pb_row _builder_version=&#8221;4.17.4&#8243; min_height=&#8221;229px&#8221; custom_margin=&#8221;100px|auto|50px|auto|false|false&#8221; custom_margin_tablet=&#8221;15px||50px||false|false&#8221; custom_margin_phone=&#8221;&#8221; custom_margin_last_edited=&#8221;on|phone&#8221; custom_padding=&#8221;||0px|||&#8221; global_colors_info=&#8221;{}&#8221;][et_pb_column type=&#8221;4_4&#8243; _builder_version=&#8221;4.16&#8243; custom_padding=&#8221;|||&#8221; global_colors_info=&#8221;{}&#8221; custom_padding__hover=&#8221;|||&#8221;][et_pb_divider divider_position=&#8221;center&#8221; divider_weight=&#8221;0px&#8221; admin_label=&#8221;S\u00e9parateur rond&#8221; module_class=&#8221;anim&#8221; _builder_version=&#8221;4.16&#8243; background_color=&#8221;#f65200&#8243; width=&#8221;30px&#8221; max_width=&#8221;30px&#8221; module_alignment=&#8221;center&#8221; height=&#8221;30px&#8221; max_height=&#8221;30px&#8221; scroll_horizontal_motion_enable=&#8221;on&#8221; scroll_horizontal_motion=&#8221;0|50|50|100|0.1|0|-0.1&#8243; border_radii=&#8221;on|56px|56px|56px|56px&#8221; global_colors_info=&#8221;{}&#8221;][\/et_pb_divider][et_pb_text admin_label=&#8221;Titre&#8221; _builder_version=&#8221;4.16&#8243; header_font=&#8221;|800|||||||&#8221; header_text_color=&#8221;#4c4c4c&#8221; header_font_size=&#8221;60px&#8221; header_letter_spacing=&#8221;2px&#8221; text_orientation=&#8221;center&#8221; custom_margin_tablet=&#8221;||||false|false&#8221; custom_margin_phone=&#8221;&#8221; custom_margin_last_edited=&#8221;on|tablet&#8221; header_font_size_tablet=&#8221;&#8221; header_font_size_phone=&#8221;35px&#8221; header_font_size_last_edited=&#8221;on|phone&#8221; global_colors_info=&#8221;{}&#8221;]<\/p>\n<h1><span class=\"corange\">Vos<\/span> Besoins<\/h1>\n<p>[\/et_pb_text][et_pb_divider divider_position=&#8221;center&#8221; divider_weight=&#8221;0px&#8221; admin_label=&#8221;S\u00e9parateur rond&#8221; module_class=&#8221;anim&#8221; _builder_version=&#8221;4.16&#8243; background_color=&#8221;#f65200&#8243; width=&#8221;30px&#8221; max_width=&#8221;30px&#8221; module_alignment=&#8221;center&#8221; height=&#8221;30px&#8221; max_height=&#8221;30px&#8221; scroll_horizontal_motion_enable=&#8221;on&#8221; scroll_horizontal_motion=&#8221;0|50|50|100|-0.1|0|0.1&#8243; border_radii=&#8221;on|56px|56px|56px|56px&#8221; global_colors_info=&#8221;{}&#8221;][\/et_pb_divider][\/et_pb_column][\/et_pb_row][et_pb_row _builder_version=&#8221;4.16&#8243; _module_preset=&#8221;default&#8221; min_height=&#8221;185px&#8221; global_colors_info=&#8221;{}&#8221;][et_pb_column type=&#8221;4_4&#8243; _builder_version=&#8221;4.16&#8243; _module_preset=&#8221;default&#8221; global_colors_info=&#8221;{}&#8221;][et_pb_text _builder_version=&#8221;4.16&#8243; _module_preset=&#8221;default&#8221; min_height=&#8221;10px&#8221; custom_margin=&#8221;||20px||false|false&#8221; custom_padding=&#8221;||0px|||&#8221; global_colors_info=&#8221;{}&#8221;]<\/p>\n<p style=\"font-weight: 600; font-size: 1.2rem; color: #4c4c4c; text-align: center;\">D\u00e9couvrez les diff\u00e9rentes solutions que Calmedica peut apporter \u00e0 votre \u00e9tablissement.<\/p>\n<p style=\"font-weight: 600; font-size: 1.2rem; color: #4c4c4c; text-align: center;\">Nos solutions sont construites selon votre organisation et s\u2019adaptent \u00e0 toutes les sp\u00e9cialit\u00e9s.<\/p>\n<p>[\/et_pb_text][\/et_pb_column][\/et_pb_row][et_pb_row column_structure=&#8221;1_2,1_2&#8243; _builder_version=&#8221;4.17.4&#8243; _module_preset=&#8221;default&#8221; custom_margin=&#8221;||30px||false|false&#8221; custom_padding=&#8221;|18px|||false|false&#8221; global_colors_info=&#8221;{}&#8221;][et_pb_column type=&#8221;1_2&#8243; _builder_version=&#8221;4.17.4&#8243; _module_preset=&#8221;default&#8221; global_colors_info=&#8221;{}&#8221;][et_pb_code _builder_version=&#8221;4.17.4&#8243; _module_preset=&#8221;default&#8221; custom_margin=&#8221;||||false|false&#8221; custom_padding=&#8221;|15px||15px|false|true&#8221; global_colors_info=&#8221;{}&#8221;]<a href=\"https:\/\/www.calmedica.com\/liberer-du-temps-medical\/\/\" class=\"zoom-button\"><!-- [et_pb_line_break_holder] --><\/p>\n<div style=\"width:100%;height:100px;background-color:#fb4f14;display:flex;flex-direction:column;justify-content:space-around;align-items:center;border-radius:25px;padding:80px 0;\"><!-- [et_pb_line_break_holder] -->  <img decoding=\"async\" style=\"margin-bottom:10px; height: 70px;\" src=\"https:\/\/www.calmedica.com\/wp-content\/uploads\/2023\/02\/infirmiere-1.png\"><!-- [et_pb_line_break_holder] -->  <pee style=\"text-align:center;color:white;font-weight:600;\"><!-- [et_pb_line_break_holder] -->    Lib\u00e9rer du temps m\u00e9dical<!-- [et_pb_line_break_holder] -->  <\/pee><!-- [et_pb_line_break_holder] --><\/div>\n<p><!-- [et_pb_line_break_holder] --><\/a>[\/et_pb_code][et_pb_code _builder_version=&#8221;4.17.4&#8243; _module_preset=&#8221;default&#8221; text_orientation=&#8221;center&#8221; module_alignment=&#8221;center&#8221; custom_margin=&#8221;15px|auto||auto|false|false&#8221; custom_padding=&#8221;|15px||15px|false|true&#8221; global_colors_info=&#8221;{}&#8221;]<a href=\"https:\/\/www.calmedica.com\/reduire-la-dms\/\/\" class=\"zoom-button\"><!-- [et_pb_line_break_holder] --><\/p>\n<div style=\"width:100%;height:100px;background-color:#fb4f14;display:flex;flex-direction:column;justify-content:space-around;align-items:center;border-radius:25px;padding:80px 0;\"><!-- [et_pb_line_break_holder] -->  <img decoding=\"async\" style=\"margin-bottom:10px; height: 70px;\" src=\"https:\/\/www.calmedica.com\/wp-content\/uploads\/2023\/11\/lit-dhopital-2.png\"><!-- [et_pb_line_break_holder] -->  <pee style=\"text-align:center;color:white;font-weight:600;\"><!-- [et_pb_line_break_holder] -->    R\u00e9duire la DMS<!-- [et_pb_line_break_holder] -->  <\/pee><!-- [et_pb_line_break_holder] --><\/div>\n<p><!-- [et_pb_line_break_holder] --><\/a>[\/et_pb_code][et_pb_code _builder_version=&#8221;4.17.4&#8243; _module_preset=&#8221;default&#8221; text_orientation=&#8221;center&#8221; module_alignment=&#8221;center&#8221; custom_margin=&#8221;15px|auto||auto|false|false&#8221; custom_padding=&#8221;|2px||2px|false|true&#8221; link_option_url=&#8221;https:\/\/www.calmedica.com\/ameliorer-le-suivi-de-vos-patients\/&#8221; hover_enabled=&#8221;0&#8243; global_colors_info=&#8221;{}&#8221; sticky_enabled=&#8221;0&#8243;]<a href=\"https:\/\/www.calmedica.com\/ameliorer-le-suivi-de-vos-patients\/\/\/\/\" class=\"zoom-button\"><!-- [et_pb_line_break_holder] --><\/p>\n<div style=\"width:100%;height:100px;background-color:#fb4f14;display:flex;flex-direction:column;justify-content:space-around;align-items:center;border-radius:25px;padding:80px 0;\"><!-- [et_pb_line_break_holder] -->  <img decoding=\"async\" style=\"margin-bottom:10px; height: 70px;\" src=\"https:\/\/www.calmedica.com\/wp-content\/uploads\/2024\/01\/patient.png\"><!-- [et_pb_line_break_holder] -->  <pee style=\"text-align:center;color:white;font-weight:600;\"><!-- [et_pb_line_break_holder] -->    Am\u00e9liorer le suivi de vos patients<!-- [et_pb_line_break_holder] -->  <\/pee><!-- [et_pb_line_break_holder] --><\/div>\n<p><!-- [et_pb_line_break_holder] --><\/a>[\/et_pb_code][\/et_pb_column][et_pb_column type=&#8221;1_2&#8243; _builder_version=&#8221;4.17.4&#8243; _module_preset=&#8221;default&#8221; custom_padding=&#8221;0px|0px|0px|0px|true|true&#8221; global_colors_info=&#8221;{}&#8221;][et_pb_code disabled_on=&#8221;off|off|off&#8221; _builder_version=&#8221;4.17.4&#8243; _module_preset=&#8221;default&#8221; custom_margin=&#8221;||||false|false&#8221; custom_padding=&#8221;|15px|||false|false&#8221; global_colors_info=&#8221;{}&#8221;]<a href=\"https:\/\/www.calmedica.com\/vos-besoins\/gestion-annulations-anticipez-allouez-creneaux-liberes\/\" class=\"zoom-button\"><!-- [et_pb_line_break_holder] --><\/p>\n<div style=\"width:100%;height:100px;background-color:#fb4f14;display:flex;flex-direction:column;justify-content:space-around;align-items:center;border-radius:25px;padding:80px 0;\"><!-- [et_pb_line_break_holder] -->  <img decoding=\"async\" src=\"..\/wp-content\/uploads\/2020\/12\/scalpel-1.png\"><!-- [et_pb_line_break_holder] -->  <pee style=\"text-align:center;color:white;font-weight:600;\"><!-- [et_pb_line_break_holder] -->    G\u00e9rer les annulations<!-- [et_pb_line_break_holder] -->  <\/pee><!-- [et_pb_line_break_holder] --><\/div>\n<p><!-- [et_pb_line_break_holder] --><\/a>[\/et_pb_code][et_pb_code _builder_version=&#8221;4.17.4&#8243; _module_preset=&#8221;default&#8221; text_orientation=&#8221;center&#8221; module_alignment=&#8221;center&#8221; custom_margin=&#8221;15px|auto||auto|false|false&#8221; custom_padding=&#8221;|2px||2px|false|true&#8221; global_colors_info=&#8221;{}&#8221;]<a href=\"https:\/\/www.calmedica.com\/ameliorer-la-prevention\/\/\/\" class=\"zoom-button\"><!-- [et_pb_line_break_holder] --><\/p>\n<div style=\"width:100%;height:100px;background-color:#fb4f14;display:flex;flex-direction:column;justify-content:space-around;align-items:center;border-radius:25px;padding:80px 0;\"><!-- [et_pb_line_break_holder] -->  <img decoding=\"async\" style=\"margin-bottom:10px; height: 70px;\" src=\"https:\/\/www.calmedica.com\/wp-content\/uploads\/2023\/12\/prevention-epidemique.png\"><!-- [et_pb_line_break_holder] -->  <pee style=\"text-align:center;color:white;font-weight:600;\"><!-- [et_pb_line_break_holder] -->    Am\u00e9liorer la pr\u00e9vention<!-- [et_pb_line_break_holder] -->  <\/pee><!-- [et_pb_line_break_holder] --><\/div>\n<p><!-- [et_pb_line_break_holder] --><\/a>[\/et_pb_code][\/et_pb_column][\/et_pb_row][et_pb_row _builder_version=&#8221;4.16&#8243; _module_preset=&#8221;default&#8221; custom_css_main_element=&#8221;display:none;&#8221; global_colors_info=&#8221;{}&#8221;][et_pb_column type=&#8221;4_4&#8243; _builder_version=&#8221;4.16&#8243; _module_preset=&#8221;default&#8221; global_colors_info=&#8221;{}&#8221;][\/et_pb_column][\/et_pb_row][\/et_pb_section]<\/p>\n","protected":false},"excerpt":{"rendered":"<p>Vos BesoinsD\u00e9couvrez les diff\u00e9rentes solutions que Calmedica peut apporter \u00e0 votre \u00e9tablissement. Nos solutions sont construites selon votre organisation et s\u2019adaptent \u00e0 toutes les sp\u00e9cialit\u00e9s.<\/p>\n","protected":false},"author":5,"featured_media":0,"parent":0,"menu_order":0,"comment_status":"closed","ping_status":"closed","template":"","meta":{"_et_pb_use_builder":"on","_et_pb_old_content":"","_et_gb_content_width":"","footnotes":""},"class_list":["post-35608","page","type-page","status-publish","hentry"],"yoast_head":"<!-- This site is optimized with the Yoast SEO plugin v27.5 - https:\/\/yoast.com\/product\/yoast-seo-wordpress\/ -->\n<title>Vos besoins - Calmedica<\/title>\n<meta name=\"robots\" content=\"index, follow, max-snippet:-1, max-image-preview:large, max-video-preview:-1\" \/>\n<link rel=\"canonical\" href=\"https:\/\/www.calmedica.com\/?page_id=35608\" \/>\n<meta property=\"og:locale\" content=\"fr_FR\" \/>\n<meta property=\"og:type\" content=\"article\" \/>\n<meta property=\"og:title\" content=\"Vos besoins - Calmedica\" \/>\n<meta property=\"og:description\" content=\"Vos BesoinsD\u00e9couvrez les diff\u00e9rentes solutions que Calmedica peut apporter \u00e0 votre \u00e9tablissement. Nos solutions sont construites selon votre organisation et s\u2019adaptent \u00e0 toutes les sp\u00e9cialit\u00e9s.\" \/>\n<meta property=\"og:url\" content=\"https:\/\/www.calmedica.com\/?page_id=35608\" \/>\n<meta property=\"og:site_name\" content=\"Calmedica\" \/>\n<meta property=\"article:modified_time\" content=\"2024-01-17T14:40:52+00:00\" \/>\n<meta property=\"og:image\" content=\"https:\/\/www.calmedica.com\/wp-content\/uploads\/2023\/02\/infirmiere-1.png\" \/>\n<meta name=\"twitter:card\" content=\"summary_large_image\" \/>\n<meta name=\"twitter:label1\" content=\"Dur\u00e9e de lecture estim\u00e9e\" \/>\n\t<meta name=\"twitter:data1\" content=\"3 minutes\" \/>\n<script type=\"application\/ld+json\" class=\"yoast-schema-graph\">{\"@context\":\"https:\\\/\\\/schema.org\",\"@graph\":[{\"@type\":\"WebPage\",\"@id\":\"https:\\\/\\\/www.calmedica.com\\\/?page_id=35608\",\"url\":\"https:\\\/\\\/www.calmedica.com\\\/?page_id=35608\",\"name\":\"Vos besoins - Calmedica\",\"isPartOf\":{\"@id\":\"https:\\\/\\\/www.calmedica.com\\\/#website\"},\"primaryImageOfPage\":{\"@id\":\"https:\\\/\\\/www.calmedica.com\\\/?page_id=35608#primaryimage\"},\"image\":{\"@id\":\"https:\\\/\\\/www.calmedica.com\\\/?page_id=35608#primaryimage\"},\"thumbnailUrl\":\"https:\\\/\\\/www.calmedica.com\\\/wp-content\\\/uploads\\\/2023\\\/02\\\/infirmiere-1.png\",\"datePublished\":\"2023-05-16T12:38:50+00:00\",\"dateModified\":\"2024-01-17T14:40:52+00:00\",\"breadcrumb\":{\"@id\":\"https:\\\/\\\/www.calmedica.com\\\/?page_id=35608#breadcrumb\"},\"inLanguage\":\"fr-FR\",\"potentialAction\":[{\"@type\":\"ReadAction\",\"target\":[\"https:\\\/\\\/www.calmedica.com\\\/?page_id=35608\"]}]},{\"@type\":\"ImageObject\",\"inLanguage\":\"fr-FR\",\"@id\":\"https:\\\/\\\/www.calmedica.com\\\/?page_id=35608#primaryimage\",\"url\":\"https:\\\/\\\/www.calmedica.com\\\/wp-content\\\/uploads\\\/2023\\\/02\\\/infirmiere-1.png\",\"contentUrl\":\"https:\\\/\\\/www.calmedica.com\\\/wp-content\\\/uploads\\\/2023\\\/02\\\/infirmiere-1.png\",\"width\":512,\"height\":512},{\"@type\":\"BreadcrumbList\",\"@id\":\"https:\\\/\\\/www.calmedica.com\\\/?page_id=35608#breadcrumb\",\"itemListElement\":[{\"@type\":\"ListItem\",\"position\":1,\"name\":\"Accueil\",\"item\":\"https:\\\/\\\/www.calmedica.com\\\/\"},{\"@type\":\"ListItem\",\"position\":2,\"name\":\"Vos besoins\"}]},{\"@type\":\"WebSite\",\"@id\":\"https:\\\/\\\/www.calmedica.com\\\/#website\",\"url\":\"https:\\\/\\\/www.calmedica.com\\\/\",\"name\":\"Calmedica\",\"description\":\"Mettre la e-sant\u00e9 \u00e0 la port\u00e9e de tous\",\"potentialAction\":[{\"@type\":\"SearchAction\",\"target\":{\"@type\":\"EntryPoint\",\"urlTemplate\":\"https:\\\/\\\/www.calmedica.com\\\/?s={search_term_string}\"},\"query-input\":{\"@type\":\"PropertyValueSpecification\",\"valueRequired\":true,\"valueName\":\"search_term_string\"}}],\"inLanguage\":\"fr-FR\"}]}<\/script>\n<!-- \/ Yoast SEO plugin. -->","yoast_head_json":{"title":"Vos besoins - Calmedica","robots":{"index":"index","follow":"follow","max-snippet":"max-snippet:-1","max-image-preview":"max-image-preview:large","max-video-preview":"max-video-preview:-1"},"canonical":"https:\/\/www.calmedica.com\/?page_id=35608","og_locale":"fr_FR","og_type":"article","og_title":"Vos besoins - Calmedica","og_description":"Vos BesoinsD\u00e9couvrez les diff\u00e9rentes solutions que Calmedica peut apporter \u00e0 votre \u00e9tablissement. Nos solutions sont construites selon votre organisation et s\u2019adaptent \u00e0 toutes les sp\u00e9cialit\u00e9s.","og_url":"https:\/\/www.calmedica.com\/?page_id=35608","og_site_name":"Calmedica","article_modified_time":"2024-01-17T14:40:52+00:00","og_image":[{"url":"https:\/\/www.calmedica.com\/wp-content\/uploads\/2023\/02\/infirmiere-1.png","type":"","width":"","height":""}],"twitter_card":"summary_large_image","twitter_misc":{"Dur\u00e9e de lecture estim\u00e9e":"3 minutes"},"schema":{"@context":"https:\/\/schema.org","@graph":[{"@type":"WebPage","@id":"https:\/\/www.calmedica.com\/?page_id=35608","url":"https:\/\/www.calmedica.com\/?page_id=35608","name":"Vos besoins - Calmedica","isPartOf":{"@id":"https:\/\/www.calmedica.com\/#website"},"primaryImageOfPage":{"@id":"https:\/\/www.calmedica.com\/?page_id=35608#primaryimage"},"image":{"@id":"https:\/\/www.calmedica.com\/?page_id=35608#primaryimage"},"thumbnailUrl":"https:\/\/www.calmedica.com\/wp-content\/uploads\/2023\/02\/infirmiere-1.png","datePublished":"2023-05-16T12:38:50+00:00","dateModified":"2024-01-17T14:40:52+00:00","breadcrumb":{"@id":"https:\/\/www.calmedica.com\/?page_id=35608#breadcrumb"},"inLanguage":"fr-FR","potentialAction":[{"@type":"ReadAction","target":["https:\/\/www.calmedica.com\/?page_id=35608"]}]},{"@type":"ImageObject","inLanguage":"fr-FR","@id":"https:\/\/www.calmedica.com\/?page_id=35608#primaryimage","url":"https:\/\/www.calmedica.com\/wp-content\/uploads\/2023\/02\/infirmiere-1.png","contentUrl":"https:\/\/www.calmedica.com\/wp-content\/uploads\/2023\/02\/infirmiere-1.png","width":512,"height":512},{"@type":"BreadcrumbList","@id":"https:\/\/www.calmedica.com\/?page_id=35608#breadcrumb","itemListElement":[{"@type":"ListItem","position":1,"name":"Accueil","item":"https:\/\/www.calmedica.com\/"},{"@type":"ListItem","position":2,"name":"Vos besoins"}]},{"@type":"WebSite","@id":"https:\/\/www.calmedica.com\/#website","url":"https:\/\/www.calmedica.com\/","name":"Calmedica","description":"Mettre la e-sant\u00e9 \u00e0 la port\u00e9e de tous","potentialAction":[{"@type":"SearchAction","target":{"@type":"EntryPoint","urlTemplate":"https:\/\/www.calmedica.com\/?s={search_term_string}"},"query-input":{"@type":"PropertyValueSpecification","valueRequired":true,"valueName":"search_term_string"}}],"inLanguage":"fr-FR"}]}},"_links":{"self":[{"href":"https:\/\/www.calmedica.com\/index.php?rest_route=\/wp\/v2\/pages\/35608","targetHints":{"allow":["GET"]}}],"collection":[{"href":"https:\/\/www.calmedica.com\/index.php?rest_route=\/wp\/v2\/pages"}],"about":[{"href":"https:\/\/www.calmedica.com\/index.php?rest_route=\/wp\/v2\/types\/page"}],"author":[{"embeddable":true,"href":"https:\/\/www.calmedica.com\/index.php?rest_route=\/wp\/v2\/users\/5"}],"replies":[{"embeddable":true,"href":"https:\/\/www.calmedica.com\/index.php?rest_route=%2Fwp%2Fv2%2Fcomments&post=35608"}],"version-history":[{"count":24,"href":"https:\/\/www.calmedica.com\/index.php?rest_route=\/wp\/v2\/pages\/35608\/revisions"}],"predecessor-version":[{"id":36692,"href":"https:\/\/www.calmedica.com\/index.php?rest_route=\/wp\/v2\/pages\/35608\/revisions\/36692"}],"wp:attachment":[{"href":"https:\/\/www.calmedica.com\/index.php?rest_route=%2Fwp%2Fv2%2Fmedia&parent=35608"}],"curies":[{"name":"wp","href":"https:\/\/api.w.org\/{rel}","templated":true}]}}